{"id":56,"date":"2025-05-31T12:32:22","date_gmt":"2025-05-31T12:32:22","guid":{"rendered":"https:\/\/whoan.es\/index.php\/about\/"},"modified":"2025-05-31T19:54:21","modified_gmt":"2025-05-31T20:54:21","slug":"about","status":"publish","type":"page","link":"https:\/\/whoan.es\/index.php\/about\/","title":{"rendered":"Juan es Whoan"},"content":{"rendered":"<style>.kb-row-layout-id56_9142d4-b6 > .kt-row-column-wrap{align-content:center;}:where(.kb-row-layout-id56_9142d4-b6 > .kt-row-column-wrap) > .wp-block-kadence-column{justify-content:center;}.kb-row-layout-id56_9142d4-b6 > .kt-row-column-wrap{column-gap:var(--global-kb-gap-md, 2rem);row-gap:var(--global-kb-gap-md, 2rem);max-width:var( --global-content-width, 1290px );padding-left:var(--global-content-edge-padding);padding-right:var(--global-content-edge-padding);padding-top:var(--global-kb-spacing-5xl, 10rem);padding-bottom:var(--global-kb-spacing-5xl, 10rem);grid-template-columns:minmax(0, 1fr);}.kb-row-layout-id56_9142d4-b6{background-image:url('https:\/\/whoan.es\/wp-content\/uploads\/2025\/05\/WhatsApp-Image-2025-04-11-at-18.24.11.jpeg');background-size:cover;background-position:47% 38%;background-attachment:scroll;background-repeat:no-repeat;}.kb-row-layout-id56_9142d4-b6 > .kt-row-layout-overlay{opacity:0.90;background:linear-gradient(135deg,var(--global-palette1,#ffffff) 0%,var(--global-palette2,#EDF2F7) 100%);mix-blend-mode:normal;}.kb-row-layout-id56_9142d4-b6 .kt-row-layout-bottom-sep{height:100px;}.kb-row-layout-id56_9142d4-b6 .kt-row-layout-bottom-sep svg{width:100%;}.kb-row-layout-id56_9142d4-b6 .kt-row-layout-bottom-sep svg{fill:var(--global-palette9, #ffffff)!important;}@media all and (max-width: 1024px){.kb-row-layout-id56_9142d4-b6 > .kt-row-column-wrap{grid-template-columns:minmax(0, 1fr);}}@media all and (max-width: 1024px){.kb-row-layout-id56_9142d4-b6 .kt-row-layout-bottom-sep{height:px;}}@media all and (max-width: 1024px){.kb-row-layout-id56_9142d4-b6 .kt-row-layout-bottom-sep svg{width:%;}}@media all and (max-width: 767px){.kb-row-layout-id56_9142d4-b6 > .kt-row-column-wrap{padding-top:var(--global-kb-spacing-xl, 4rem);padding-bottom:var(--global-kb-spacing-xl, 4rem);grid-template-columns:minmax(0, 1fr);}.kb-row-layout-id56_9142d4-b6 .kt-row-layout-bottom-sep{height:px;}.kb-row-layout-id56_9142d4-b6 .kt-row-layout-bottom-sep svg{width:%;}}<\/style><div class=\"kb-row-layout-wrap kb-row-layout-id56_9142d4-b6 alignfull kt-row-has-bg kb-divider-static wp-block-kadence-rowlayout\"><div class=\"kt-row-layout-overlay kt-row-overlay-gradient\"><\/div><div class=\"kt-row-layout-bottom-sep kt-row-sep-type-sltl\"><svg viewBox=\"0 0 1000 100\" preserveAspectRatio=\"none\"><path d=\"M1000,0l-1000,100l1000,0l0,-100Z\" \/><\/svg><\/div><div class=\"kt-row-column-wrap kt-has-1-columns kt-row-layout-equal kt-tab-layout-inherit kt-mobile-layout-row kt-row-valign-middle kb-theme-content-width\">\n<style>.kadence-column56_754057-6f > .kt-inside-inner-col,.kadence-column56_754057-6f > .kt-inside-inner-col:before{border-top-left-radius:0px;border-top-right-radius:0px;border-bottom-right-radius:0px;border-bottom-left-radius:0px;}.kadence-column56_754057-6f > .kt-inside-inner-col{column-gap:var(--global-kb-gap-sm, 1rem);}.kadence-column56_754057-6f > .kt-inside-inner-col{flex-direction:column;}.kadence-column56_754057-6f > .kt-inside-inner-col > .aligncenter{width:100%;}.kadence-column56_754057-6f > .kt-inside-inner-col:before{opacity:0.3;}.kadence-column56_754057-6f{position:relative;}@media all and (max-width: 1024px){.kadence-column56_754057-6f > .kt-inside-inner-col{flex-direction:column;justify-content:center;}}@media all and (max-width: 767px){.kadence-column56_754057-6f > .kt-inside-inner-col{flex-direction:column;justify-content:center;}}<\/style>\n<div class=\"wp-block-kadence-column kadence-column56_754057-6f inner-column-1\"><div class=\"kt-inside-inner-col\"><style>.wp-block-kadence-advancedheading.kt-adv-heading56_212b7f-b7, .wp-block-kadence-advancedheading.kt-adv-heading56_212b7f-b7[data-kb-block=\"kb-adv-heading56_212b7f-b7\"]{margin-top:var(--global-kb-spacing-xs, 1rem);text-align:center;font-size:var(--global-kb-font-size-xl, 3rem);line-height:1;font-style:normal;}.wp-block-kadence-advancedheading.kt-adv-heading56_212b7f-b7 mark.kt-highlight, .wp-block-kadence-advancedheading.kt-adv-heading56_212b7f-b7[data-kb-block=\"kb-adv-heading56_212b7f-b7\"] mark.kt-highlight{font-style:normal;color:#f76a0c;-webkit-box-decoration-break:clone;box-decoration-break:clone;padding-top:0px;padding-right:0px;padding-bottom:0px;padding-left:0px;}@media all and (max-width: 1024px){.wp-block-kadence-advancedheading.kt-adv-heading56_212b7f-b7, .wp-block-kadence-advancedheading.kt-adv-heading56_212b7f-b7[data-kb-block=\"kb-adv-heading56_212b7f-b7\"]{font-size:60px;}}@media all and (max-width: 767px){.wp-block-kadence-advancedheading.kt-adv-heading56_212b7f-b7, .wp-block-kadence-advancedheading.kt-adv-heading56_212b7f-b7[data-kb-block=\"kb-adv-heading56_212b7f-b7\"]{font-size:40px;}}<\/style>\n<h1 class=\"kt-adv-heading56_212b7f-b7 wp-block-kadence-advancedheading has-theme-palette-9-color has-text-color\" data-kb-block=\"kb-adv-heading56_212b7f-b7\">Whoan es un \u00e1podo y se pronuncia Ju-an<\/h1>\n\n\n<style>.wp-block-kadence-advancedheading.kt-adv-heading56_ca4ded-39, .wp-block-kadence-advancedheading.kt-adv-heading56_ca4ded-39[data-kb-block=\"kb-adv-heading56_ca4ded-39\"]{display:block;text-align:center;font-size:20px;line-height:1;font-weight:300;font-style:normal;letter-spacing:1px;}.wp-block-kadence-advancedheading.kt-adv-heading56_ca4ded-39 mark.kt-highlight, .wp-block-kadence-advancedheading.kt-adv-heading56_ca4ded-39[data-kb-block=\"kb-adv-heading56_ca4ded-39\"] mark.kt-highlight{font-style:normal;color:#f76a0c;-webkit-box-decoration-break:clone;box-decoration-break:clone;padding-top:0px;padding-right:0px;padding-bottom:0px;padding-left:0px;}<\/style>\n<span class=\"kt-adv-heading56_ca4ded-39 wp-block-kadence-advancedheading has-theme-palette-9-color has-text-color\" data-kb-block=\"kb-adv-heading56_ca4ded-39\">Fin de la historia<\/span>\n<\/div><\/div>\n\n\n<style>.kadence-column56_299f4c-d3 > .kt-inside-inner-col,.kadence-column56_299f4c-d3 > .kt-inside-inner-col:before{border-top-left-radius:0px;border-top-right-radius:0px;border-bottom-right-radius:0px;border-bottom-left-radius:0px;}.kadence-column56_299f4c-d3 > .kt-inside-inner-col{column-gap:var(--global-kb-gap-sm, 1rem);}.kadence-column56_299f4c-d3 > .kt-inside-inner-col{flex-direction:column;}.kadence-column56_299f4c-d3 > .kt-inside-inner-col > .aligncenter{width:100%;}.kadence-column56_299f4c-d3 > .kt-inside-inner-col:before{opacity:0.3;}.kadence-column56_299f4c-d3{position:relative;}@media all and (max-width: 1024px){.kadence-column56_299f4c-d3 > .kt-inside-inner-col{flex-direction:column;justify-content:center;}}@media all and (max-width: 767px){.kadence-column56_299f4c-d3 > .kt-inside-inner-col{flex-direction:column;justify-content:center;}}<\/style>\n<div class=\"wp-block-kadence-column kadence-column56_299f4c-d3\"><div class=\"kt-inside-inner-col\"><\/div><\/div>\n\n<\/div><\/div>\n\n<style>.kb-row-layout-id56_927ba4-1b > .kt-row-column-wrap{align-content:start;}:where(.kb-row-layout-id56_927ba4-1b > .kt-row-column-wrap) > .wp-block-kadence-column{justify-content:start;}.kb-row-layout-id56_927ba4-1b > .kt-row-column-wrap{column-gap:var(--global-kb-gap-md, 2rem);row-gap:var(--global-kb-gap-md, 2rem);max-width:var( --global-content-width, 1290px );padding-left:var(--global-content-edge-padding);padding-right:var(--global-content-edge-padding);padding-top:var(--global-kb-spacing-5xl, 10rem);padding-bottom:var(--global-kb-spacing-5xl, 10rem);grid-template-columns:minmax(0, 1fr);}.kb-row-layout-id56_927ba4-1b > .kt-row-layout-overlay{opacity:0.30;}.kb-row-layout-id56_927ba4-1b .kt-row-layout-bottom-sep{height:100px;}.kb-row-layout-id56_927ba4-1b .kt-row-layout-bottom-sep svg{width:100%;}.kb-row-layout-id56_927ba4-1b .kt-row-layout-bottom-sep svg{fill:var(--global-palette9, #ffffff)!important;}.kb-row-layout-id56_927ba4-1b .kt-row-layout-top-sep{height:100px;}.kb-row-layout-id56_927ba4-1b .kt-row-layout-top-sep svg{width:100%;}.kb-row-layout-id56_927ba4-1b .kt-row-layout-top-sep svg{fill:var(--global-palette9, #ffffff)!important;}@media all and (max-width: 1024px){.kb-row-layout-id56_927ba4-1b > .kt-row-column-wrap{grid-template-columns:minmax(0, 1fr);}}@media all and (max-width: 1024px){.kb-row-layout-id56_927ba4-1b .kt-row-layout-bottom-sep{height:px;}}@media all and (max-width: 1024px){.kb-row-layout-id56_927ba4-1b .kt-row-layout-bottom-sep svg{width:%;}}@media all and (max-width: 767px){.kb-row-layout-id56_927ba4-1b > .kt-row-column-wrap{grid-template-columns:minmax(0, 1fr);}.kb-row-layout-id56_927ba4-1b .kt-row-layout-bottom-sep{height:px;}.kb-row-layout-id56_927ba4-1b .kt-row-layout-bottom-sep svg{width:%;}}<\/style><div class=\"kb-row-layout-wrap kb-row-layout-id56_927ba4-1b alignfull has-theme-palette8-background-color kt-row-has-bg kb-divider-static wp-block-kadence-rowlayout\"><div class=\"kt-row-layout-top-sep kt-row-sep-type-sltl\"><svg viewBox=\"0 0 1000 100\" preserveAspectRatio=\"none\"><path d=\"M1000,0l-1000,100l1000,0l0,-100Z\" \/><\/svg><\/div><div class=\"kt-row-layout-bottom-sep kt-row-sep-type-sltl\"><svg viewBox=\"0 0 1000 100\" preserveAspectRatio=\"none\"><path d=\"M1000,0l-1000,100l1000,0l0,-100Z\" \/><\/svg><\/div><div class=\"kt-row-column-wrap kt-has-1-columns kt-row-layout-equal kt-tab-layout-inherit kt-mobile-layout-row kt-row-valign-top kb-theme-content-width\">\n<style>.kadence-column56_79c7fc-e8 > .kt-inside-inner-col,.kadence-column56_79c7fc-e8 > .kt-inside-inner-col:before{border-top-left-radius:0px;border-top-right-radius:0px;border-bottom-right-radius:0px;border-bottom-left-radius:0px;}.kadence-column56_79c7fc-e8 > .kt-inside-inner-col{column-gap:var(--global-kb-gap-sm, 1rem);}.kadence-column56_79c7fc-e8 > .kt-inside-inner-col{flex-direction:column;}.kadence-column56_79c7fc-e8 > .kt-inside-inner-col > .aligncenter{width:100%;}.kadence-column56_79c7fc-e8 > .kt-inside-inner-col:before{opacity:0.3;}.kadence-column56_79c7fc-e8{position:relative;}@media all and (max-width: 1024px){.kadence-column56_79c7fc-e8 > .kt-inside-inner-col{flex-direction:column;justify-content:center;}}@media all and (max-width: 767px){.kadence-column56_79c7fc-e8 > .kt-inside-inner-col{flex-direction:column;justify-content:center;}}<\/style>\n<div class=\"wp-block-kadence-column kadence-column56_79c7fc-e8\"><div class=\"kt-inside-inner-col\"><style>.wp-block-kadence-advancedheading.kt-adv-heading56_a96824-73, .wp-block-kadence-advancedheading.kt-adv-heading56_a96824-73[data-kb-block=\"kb-adv-heading56_a96824-73\"]{margin-bottom:var(--global-kb-spacing-xs, 1rem);text-align:center;font-size:var(--global-kb-font-size-sm, 0.9rem);font-style:normal;text-transform:uppercase;}.wp-block-kadence-advancedheading.kt-adv-heading56_a96824-73 mark.kt-highlight, .wp-block-kadence-advancedheading.kt-adv-heading56_a96824-73[data-kb-block=\"kb-adv-heading56_a96824-73\"] mark.kt-highlight{font-style:normal;color:#f76a0c;-webkit-box-decoration-break:clone;box-decoration-break:clone;padding-top:0px;padding-right:0px;padding-bottom:0px;padding-left:0px;}<\/style>\n<div class=\"kt-adv-heading56_a96824-73 wp-block-kadence-advancedheading has-theme-palette-1-color has-text-color\" data-kb-block=\"kb-adv-heading56_a96824-73\">EN CONSTRUCCI\u00d3N<\/div>\n\n\n<style>.wp-block-kadence-advancedheading.kt-adv-heading56_92a5b5-67, .wp-block-kadence-advancedheading.kt-adv-heading56_92a5b5-67[data-kb-block=\"kb-adv-heading56_92a5b5-67\"]{margin-top:var(--global-kb-spacing-xxs, 0.5rem);text-align:center;font-size:32px;line-height:1.1;font-weight:700;font-style:normal;}.wp-block-kadence-advancedheading.kt-adv-heading56_92a5b5-67 mark.kt-highlight, .wp-block-kadence-advancedheading.kt-adv-heading56_92a5b5-67[data-kb-block=\"kb-adv-heading56_92a5b5-67\"] mark.kt-highlight{font-style:normal;color:#f76a0c;-webkit-box-decoration-break:clone;box-decoration-break:clone;padding-top:0px;padding-right:0px;padding-bottom:0px;padding-left:0px;}<\/style>\n<h2 class=\"kt-adv-heading56_92a5b5-67 wp-block-kadence-advancedheading\" data-kb-block=\"kb-adv-heading56_92a5b5-67\">Puede q por mucho tiempo.<\/h2>\n<\/div><\/div>\n\n<\/div><\/div>\n\n<style>.kb-row-layout-id56_0fed4e-35 > .kt-row-column-wrap{align-content:start;}:where(.kb-row-layout-id56_0fed4e-35 > .kt-row-column-wrap) > .wp-block-kadence-column{justify-content:start;}.kb-row-layout-id56_0fed4e-35 > .kt-row-column-wrap{column-gap:var(--global-kb-gap-md, 2rem);row-gap:var(--global-kb-gap-lg, 4rem);max-width:var( --global-content-width, 1290px );padding-left:var(--global-content-edge-padding);padding-right:var(--global-content-edge-padding);padding-top:var(--global-kb-spacing-xxl, 5rem);padding-bottom:var(--global-kb-spacing-xxl, 5rem);grid-template-columns:minmax(0, 1fr);}.kb-row-layout-id56_0fed4e-35 > .kt-row-layout-overlay{opacity:0.30;}@media all and (max-width: 1024px){.kb-row-layout-id56_0fed4e-35 > .kt-row-column-wrap{grid-template-columns:minmax(0, 1fr);}}@media all and (max-width: 767px){.kb-row-layout-id56_0fed4e-35 > .kt-row-column-wrap{padding-right:0px;padding-left:0px;grid-template-columns:minmax(0, 1fr);}}<\/style><div class=\"kb-row-layout-wrap kb-row-layout-id56_0fed4e-35 alignfull has-theme-palette9-background-color kt-row-has-bg wp-block-kadence-rowlayout\"><div class=\"kt-row-column-wrap kt-has-1-columns kt-row-layout-equal kt-tab-layout-inherit kt-mobile-layout-row kt-row-valign-top kb-theme-content-width\">\n<style>.kadence-column56_39ce59-4a > .kt-inside-inner-col,.kadence-column56_39ce59-4a > .kt-inside-inner-col:before{border-top-left-radius:0px;border-top-right-radius:0px;border-bottom-right-radius:0px;border-bottom-left-radius:0px;}.kadence-column56_39ce59-4a > .kt-inside-inner-col{column-gap:var(--global-kb-gap-sm, 1rem);}.kadence-column56_39ce59-4a > .kt-inside-inner-col{flex-direction:column;}.kadence-column56_39ce59-4a > .kt-inside-inner-col > .aligncenter{width:100%;}.kadence-column56_39ce59-4a > .kt-inside-inner-col:before{opacity:0.3;}.kadence-column56_39ce59-4a{text-align:center;}.kadence-column56_39ce59-4a{position:relative;}@media all and (max-width: 1024px){.kadence-column56_39ce59-4a > .kt-inside-inner-col{padding-right:var(--global-kb-spacing-sm, 1.5rem);padding-left:var(--global-kb-spacing-sm, 1.5rem);flex-direction:column;justify-content:center;}}@media all and (max-width: 767px){.kadence-column56_39ce59-4a > .kt-inside-inner-col{padding-right:var(--global-kb-spacing-xs, 1rem);padding-left:var(--global-kb-spacing-xs, 1rem);flex-direction:column;justify-content:center;}}<\/style>\n<div class=\"wp-block-kadence-column kadence-column56_39ce59-4a kb-section-dir-vertical\"><div class=\"kt-inside-inner-col\">\n<p><strong>REDES SOCIALES (que no uso tanto como deber\u00eda)<br><\/strong><br><strong><a href=\"https:\/\/www.youtube.com\/@DeInternetcom\" target=\"_blank\" rel=\"noreferrer noopener\">Youtube : Deinternet.com <br><\/a><\/strong><br><strong><a href=\"https:\/\/www.facebook.com\/laserinternet\" target=\"_blank\" rel=\"noreferrer noopener\">Facebook : Laser Internet<\/a><\/strong><\/p>\n\n\n\n<p><a href=\"https:\/\/www.instagram.com\/whoan\/\" target=\"_blank\" rel=\"noreferrer noopener\"><strong>Instagram : Whoan<\/strong><\/a><\/p>\n\n\n\n<p><a href=\"https:\/\/x.com\/1995Laser\" target=\"_blank\" rel=\"noreferrer noopener\"><strong>Twitter : Laser 1995<\/strong><\/a><\/p>\n<\/div><\/div>\n\n<\/div><\/div>\n\n<style>.kb-row-layout-id56_3d551d-05 > .kt-row-column-wrap{align-content:start;}:where(.kb-row-layout-id56_3d551d-05 > .kt-row-column-wrap) > .wp-block-kadence-column{justify-content:start;}.kb-row-layout-id56_3d551d-05 > .kt-row-column-wrap{column-gap:var(--global-kb-gap-md, 2rem);row-gap:var(--global-kb-gap-md, 2rem);max-width:var( --global-content-width, 1290px );padding-left:var(--global-content-edge-padding);padding-right:var(--global-content-edge-padding);padding-top:var(--global-kb-spacing-4xl, 8rem);padding-bottom:var(--global-kb-spacing-4xl, 8rem);grid-template-columns:minmax(0, 1fr);}.kb-row-layout-id56_3d551d-05{background-image:linear-gradient(135deg,var(--global-palette1,#ffffff) 41%,var(--global-palette2,#eef2f5) 100%);}.kb-row-layout-id56_3d551d-05 > .kt-row-layout-overlay{opacity:0.20;mix-blend-mode:multiply;}@media all and (max-width: 1024px){.kb-row-layout-id56_3d551d-05 > .kt-row-column-wrap{grid-template-columns:minmax(0, 1fr);}}@media all and (max-width: 767px){.kb-row-layout-id56_3d551d-05 > .kt-row-column-wrap{grid-template-columns:minmax(0, 1fr);}}<\/style><div class=\"kb-row-layout-wrap kb-row-layout-id56_3d551d-05 alignfull has-theme-palette2-background-color kt-row-has-bg wp-block-kadence-rowlayout\"><div class=\"kt-row-column-wrap kt-has-1-columns kt-row-layout-equal kt-tab-layout-inherit kt-mobile-layout-row kt-row-valign-top kb-theme-content-width\">\n<style>.kadence-column56_9d06c4-9c > .kt-inside-inner-col,.kadence-column56_9d06c4-9c > .kt-inside-inner-col:before{border-top-left-radius:0px;border-top-right-radius:0px;border-bottom-right-radius:0px;border-bottom-left-radius:0px;}.kadence-column56_9d06c4-9c > .kt-inside-inner-col{column-gap:var(--global-kb-gap-sm, 1rem);}.kadence-column56_9d06c4-9c > .kt-inside-inner-col{flex-direction:column;}.kadence-column56_9d06c4-9c > .kt-inside-inner-col > .aligncenter{width:100%;}.kadence-column56_9d06c4-9c > .kt-inside-inner-col:before{opacity:0.3;}.kadence-column56_9d06c4-9c{position:relative;}@media all and (max-width: 1024px){.kadence-column56_9d06c4-9c > .kt-inside-inner-col{flex-direction:column;justify-content:center;}}@media all and (max-width: 767px){.kadence-column56_9d06c4-9c > .kt-inside-inner-col{flex-direction:column;justify-content:center;}}<\/style>\n<div class=\"wp-block-kadence-column kadence-column56_9d06c4-9c inner-column-1\"><div class=\"kt-inside-inner-col\"><style>.wp-block-kadence-advancedheading.kt-adv-heading56_d3329b-b6, .wp-block-kadence-advancedheading.kt-adv-heading56_d3329b-b6[data-kb-block=\"kb-adv-heading56_d3329b-b6\"]{display:block;text-align:center;font-size:var(--global-kb-font-size-sm, 0.9rem);line-height:1;font-style:normal;text-transform:uppercase;letter-spacing:1px;}.wp-block-kadence-advancedheading.kt-adv-heading56_d3329b-b6 mark.kt-highlight, .wp-block-kadence-advancedheading.kt-adv-heading56_d3329b-b6[data-kb-block=\"kb-adv-heading56_d3329b-b6\"] mark.kt-highlight{font-style:normal;color:#f76a0c;-webkit-box-decoration-break:clone;box-decoration-break:clone;padding-top:0px;padding-right:0px;padding-bottom:0px;padding-left:0px;}<\/style>\n<span class=\"kt-adv-heading56_d3329b-b6 wp-block-kadence-advancedheading has-theme-palette-8-color has-text-color\" data-kb-block=\"kb-adv-heading56_d3329b-b6\">Disclaimer<\/span>\n\n\n<style>.wp-block-kadence-advancedheading.kt-adv-heading56_47165d-23, .wp-block-kadence-advancedheading.kt-adv-heading56_47165d-23[data-kb-block=\"kb-adv-heading56_47165d-23\"]{margin-top:var(--global-kb-spacing-xs, 1rem);margin-bottom:var(--global-kb-spacing-sm, 1.5rem);text-align:center;font-size:var(--global-kb-font-size-xl, 3rem);line-height:1.1;font-style:normal;}.wp-block-kadence-advancedheading.kt-adv-heading56_47165d-23 mark.kt-highlight, .wp-block-kadence-advancedheading.kt-adv-heading56_47165d-23[data-kb-block=\"kb-adv-heading56_47165d-23\"] mark.kt-highlight{font-style:normal;color:#f76a0c;-webkit-box-decoration-break:clone;box-decoration-break:clone;padding-top:0px;padding-right:0px;padding-bottom:0px;padding-left:0px;}<\/style>\n<h2 class=\"kt-adv-heading56_47165d-23 wp-block-kadence-advancedheading has-theme-palette-9-color has-text-color\" data-kb-block=\"kb-adv-heading56_47165d-23\">Por el programa de protecci\u00f3n de testigos no puedo decir mucho m\u00e1s.<\/h2>\n<\/div><\/div>\n\n<\/div><\/div>","protected":false},"excerpt":{"rendered":"<p>Whoan es un \u00e1podo y se pronuncia Ju-an Fin de la historia EN CONSTRUCCI\u00d3N Puede q por mucho tiempo. REDES SOCIALES (que no uso tanto como deber\u00eda)Youtube : Deinternet.com Facebook : Laser Internet Instagram : Whoan Twitter : Laser 1995 Disclaimer Por el programa de protecci\u00f3n de testigos no puedo decir mucho m\u00e1s.<\/p>\n","protected":false},"author":1,"featured_media":0,"parent":0,"menu_order":0,"comment_status":"closed","ping_status":"closed","template":"","meta":{"_kadence_starter_templates_imported_post":true,"_kad_post_transparent":"","_kad_post_title":"hide","_kad_post_layout":"fullwidth","_kad_post_sidebar_id":"","_kad_post_content_style":"unboxed","_kad_post_vertical_padding":"hide","_kad_post_feature":"hide","_kad_post_feature_position":"","_kad_post_header":false,"_kad_post_footer":false,"_kad_post_classname":"","footnotes":""},"class_list":["post-56","page","type-page","status-publish","hentry"],"jetpack_sharing_enabled":true,"_links":{"self":[{"href":"https:\/\/whoan.es\/index.php\/wp-json\/wp\/v2\/pages\/56","targetHints":{"allow":["GET"]}}],"collection":[{"href":"https:\/\/whoan.es\/index.php\/wp-json\/wp\/v2\/pages"}],"about":[{"href":"https:\/\/whoan.es\/index.php\/wp-json\/wp\/v2\/types\/page"}],"author":[{"embeddable":true,"href":"https:\/\/whoan.es\/index.php\/wp-json\/wp\/v2\/users\/1"}],"replies":[{"embeddable":true,"href":"https:\/\/whoan.es\/index.php\/wp-json\/wp\/v2\/comments?post=56"}],"version-history":[{"count":10,"href":"https:\/\/whoan.es\/index.php\/wp-json\/wp\/v2\/pages\/56\/revisions"}],"predecessor-version":[{"id":170,"href":"https:\/\/whoan.es\/index.php\/wp-json\/wp\/v2\/pages\/56\/revisions\/170"}],"wp:attachment":[{"href":"https:\/\/whoan.es\/index.php\/wp-json\/wp\/v2\/media?parent=56"}],"curies":[{"name":"wp","href":"https:\/\/api.w.org\/{rel}","templated":true}]}}